{"id":44,"date":"2025-01-08T15:29:52","date_gmt":"2025-01-08T15:29:52","guid":{"rendered":"https:\/\/dairylando.com\/?page_id=44"},"modified":"2025-10-27T19:02:00","modified_gmt":"2025-10-27T19:02:00","slug":"informacion","status":"publish","type":"page","link":"https:\/\/dairylando.com\/en\/informacion\/","title":{"rendered":"Information"},"content":{"rendered":"<div class=\"wp-block-uagb-advanced-heading uagb-block-659074ac\"><h2 class=\"uagb-heading-text\">Information<\/h2><\/div>\n\n\n\n<div class=\"wp-block-uagb-container uagb-block-46d98607 alignfull uagb-is-root-container\"><div class=\"uagb-container-inner-blocks-wrap\">\n<div class=\"wp-block-uagb-container uagb-block-f09046da\">\n<div class=\"wp-block-uagb-container uagb-block-b3512d9a\">\n<div class=\"wp-block-uagb-advanced-heading uagb-block-b8d39431\"><h2 class=\"uagb-heading-text\"><a href=\"https:\/\/dairylando.com\/en\/lecheria-argentina\/\" data-type=\"page\" data-id=\"444\">Dairy Argentina<\/a><\/h2><\/div>\n\n\n\n<div class=\"wp-block-uagb-separator uagb-block-de145f62\"><div class=\"wp-block-uagb-separator__inner\" style=\"--my-background-image:\"><\/div><\/div>\n<\/div>\n\n\n\n<div class=\"wp-block-uagb-container uagb-block-972ae04d\">\n<div class=\"wp-block-uagb-container uagb-block-53397d30\">\n<div class=\"wp-block-uagb-image uagb-block-00b2ebd0 wp-block-uagb-image--layout-default wp-block-uagb-image--effect-static wp-block-uagb-image--align-none\"><figure class=\"wp-block-uagb-image__figure\"><a class=\"\" href=\"https:\/\/dairylando.com\/en\/lecheria-argentina\/\" target=\"\" rel=\"noopener\"><img decoding=\"async\" srcset=\"https:\/\/dairylando.com\/wp-content\/uploads\/2025\/01\/dairylando-014-1024x576.avif ,https:\/\/dairylando.com\/wp-content\/uploads\/2025\/01\/dairylando-014-png.avif 780w, https:\/\/dairylando.com\/wp-content\/uploads\/2025\/01\/dairylando-014-png.avif 360w\" sizes=\"auto, (max-width: 480px) 150px\" src=\"https:\/\/dairylando.com\/wp-content\/uploads\/2025\/01\/dairylando-014-1024x576.avif\" alt=\"Dairylando.com Liderando opini\u00f3n en lecher\u00eda\" class=\"uag-image-8097\" width=\"1024\" height=\"576\" title=\"dairylando-014\" loading=\"lazy\" role=\"img\"\/><\/a><\/figure><\/div>\n<\/div>\n\n\n\n<div class=\"wp-block-uagb-container uagb-block-e0924e24\">\n<div class=\"wp-block-uagb-advanced-heading uagb-block-95c81f7b\"><h4 class=\"uagb-heading-text\">Articles<\/h4><\/div>\n\n\n\n<div class=\"wp-block-uagb-advanced-heading uagb-block-3b702484\"><h5 class=\"uagb-heading-text\"><a href=\"https:\/\/dairylando.com\/en\/competitividad\/la-potencialidad-de-argentina\/\" data-type=\"page\" data-id=\"244\">The potential of Argentina<\/a><\/h5><\/div>\n\n\n\n<div class=\"wp-block-uagb-advanced-heading uagb-block-490226db\"><h5 class=\"uagb-heading-text\"><a href=\"https:\/\/dairylando.com\/en\/competitividad\/disponibilidad-de-tierra-agricola\/\" data-type=\"page\" data-id=\"235\">Availability of agricultural land<\/a><\/h5><\/div>\n\n\n\n<div class=\"wp-block-uagb-advanced-heading uagb-block-29ba3fc2\"><h5 class=\"uagb-heading-text\"><a href=\"https:\/\/dairylando.com\/en\/lecheria-argentina\/la-lecheria-argentina\/\" data-type=\"page\" data-id=\"7981\">Argentinan dairy and their actors<\/a><\/h5><\/div>\n\n\n\n<div class=\"wp-block-uagb-advanced-heading uagb-block-c5c1e157\"><h5 class=\"uagb-heading-text\"><a href=\"https:\/\/dairylando.com\/en\/lecheria-argentina\/composicion-y-calidad-de-leche\/\" data-type=\"page\" data-id=\"3631\">The composition and quality of milk<\/a><\/h5><\/div>\n\n\n\n<div class=\"wp-block-uagb-advanced-heading uagb-block-c34d05a0\"><h5 class=\"uagb-heading-text\"><a href=\"https:\/\/dairylando.com\/en\/sistemas-de-produccion\/\" data-type=\"post\" data-id=\"8833\">Production systems<\/a><\/h5><\/div>\n<\/div>\n<\/div>\n<\/div>\n<\/div><\/div>\n\n\n\n<div class=\"wp-block-uagb-container uagb-block-7b945c65 alignfull uagb-is-root-container\"><div class=\"uagb-container-inner-blocks-wrap\">\n<div class=\"wp-block-uagb-container uagb-block-5e2cec61\">\n<div class=\"wp-block-uagb-container uagb-block-1fc96230\">\n<div class=\"wp-block-uagb-advanced-heading uagb-block-c2c824f2\"><h2 class=\"uagb-heading-text\"><a href=\"https:\/\/dairylando.com\/en\/documentos-2\/\" data-type=\"page\" data-id=\"7985\">Documents<\/a><\/h2><\/div>\n\n\n\n<div class=\"wp-block-uagb-separator uagb-block-e68d745c\"><div class=\"wp-block-uagb-separator__inner\" style=\"--my-background-image:\"><\/div><\/div>\n<\/div>\n\n\n\n<div class=\"wp-block-uagb-container uagb-block-39f5842c\">\n<div class=\"wp-block-uagb-container uagb-block-d89f770b\">\n<div class=\"wp-block-uagb-advanced-heading uagb-block-d354ce19\"><h4 class=\"uagb-heading-text\"><a href=\"https:\/\/dairylando.com\/en\/documentos-2\/\" data-type=\"page\" data-id=\"7985\">Access to the documents of Dairylando<\/a><\/h4><\/div>\n\n\n\n<div class=\"wp-block-uagb-advanced-heading uagb-block-109aaf23\"><h5 class=\"uagb-heading-text\"><a href=\"https:\/\/dairylando.com\/en\/documentos-2\/\" data-type=\"page\" data-id=\"7985\">More than fifteen documents with relevant information, statistics and analysis of world dairy free.<\/a><\/h5><\/div>\n<\/div>\n\n\n\n<div class=\"wp-block-uagb-container uagb-block-475796f5\">\n<div class=\"wp-block-uagb-image uagb-block-cfcbe9d2 wp-block-uagb-image--layout-default wp-block-uagb-image--effect-static wp-block-uagb-image--align-none\"><figure class=\"wp-block-uagb-image__figure\"><a class=\"\" href=\"https:\/\/dairylando.com\/en\/documentos-2\/\" target=\"\" rel=\"noopener\"><img decoding=\"async\" srcset=\"https:\/\/dairylando.com\/wp-content\/uploads\/2025\/01\/dairylando-008-1024x576.avif ,https:\/\/dairylando.com\/wp-content\/uploads\/2025\/01\/dairylando-008-png.avif 780w, https:\/\/dairylando.com\/wp-content\/uploads\/2025\/01\/dairylando-008-png.avif 360w\" sizes=\"auto, (max-width: 480px) 150px\" src=\"https:\/\/dairylando.com\/wp-content\/uploads\/2025\/01\/dairylando-008-1024x576.avif\" alt=\"Dairylando.com Liderando opini\u00f3n en lecher\u00eda\" class=\"uag-image-8091\" width=\"1024\" height=\"576\" title=\"dairylando-008\" loading=\"lazy\" role=\"img\"\/><\/a><\/figure><\/div>\n<\/div>\n<\/div>\n<\/div>\n<\/div><\/div>\n\n\n\n<div class=\"wp-block-uagb-container uagb-block-9ea7583f alignfull uagb-is-root-container\"><div class=\"uagb-container-inner-blocks-wrap\">\n<div class=\"wp-block-uagb-container uagb-block-108c0144\">\n<div class=\"wp-block-uagb-container uagb-block-58898f39\">\n<div class=\"wp-block-uagb-advanced-heading uagb-block-cf1c6bfa\"><h2 class=\"uagb-heading-text\"><a href=\"https:\/\/dairylando.com\/en\/multimedia\/\" data-type=\"page\" data-id=\"441\">Multimedia<\/a><\/h2><\/div>\n\n\n\n<div class=\"wp-block-uagb-separator uagb-block-6348e636\"><div class=\"wp-block-uagb-separator__inner\" style=\"--my-background-image:\"><\/div><\/div>\n<\/div>\n\n\n\n<div class=\"wp-block-uagb-container uagb-block-ea0a7c27\">\n<div class=\"wp-block-uagb-container uagb-block-3a173831\">\n<div class=\"wp-block-uagb-image uagb-block-fbeb058b wp-block-uagb-image--layout-default wp-block-uagb-image--effect-static wp-block-uagb-image--align-none\"><figure class=\"wp-block-uagb-image__figure\"><a class=\"\" href=\"https:\/\/dairylando.com\/en\/multimedia\/\" target=\"\" rel=\"noopener\"><img decoding=\"async\" srcset=\"https:\/\/dairylando.com\/wp-content\/uploads\/2025\/01\/dairylando-acc-video-1024x576.avif ,https:\/\/dairylando.com\/wp-content\/uploads\/2025\/01\/dairylando-acc-video-png.avif 780w, https:\/\/dairylando.com\/wp-content\/uploads\/2025\/01\/dairylando-acc-video-png.avif 360w\" sizes=\"auto, (max-width: 480px) 150px\" src=\"https:\/\/dairylando.com\/wp-content\/uploads\/2025\/01\/dairylando-acc-video-1024x576.avif\" alt=\"Dairylando.com Liderando opini\u00f3n en lecher\u00eda\" class=\"uag-image-9247\" width=\"1024\" height=\"576\" title=\"dairylando-acc-video\" loading=\"lazy\" role=\"img\"\/><\/a><\/figure><\/div>\n<\/div>\n\n\n\n<div class=\"wp-block-uagb-container uagb-block-64c00b84\">\n<div class=\"wp-block-uagb-advanced-heading uagb-block-3b51a8b4\"><h4 class=\"uagb-heading-text\"><a href=\"https:\/\/dairylando.com\/en\/multimedia\/\" data-type=\"page\" data-id=\"441\">Videos<\/a><\/h4><\/div>\n\n\n\n<div class=\"wp-block-uagb-advanced-heading uagb-block-a628220a\"><h5 class=\"uagb-heading-text\"><a href=\"https:\/\/dairylando.com\/en\/multimedia\/\" data-type=\"page\" data-id=\"441\">Access to audiovisual materials<\/a><\/h5><\/div>\n<\/div>\n<\/div>\n<\/div>\n<\/div><\/div>\n\n\n\n<div class=\"wp-block-uagb-container uagb-block-ee88c3c1 alignfull uagb-is-root-container\"><div class=\"uagb-container-inner-blocks-wrap\">\n<div class=\"wp-block-uagb-container uagb-block-8348d263\">\n<div class=\"wp-block-uagb-container uagb-block-8a4db5b8\">\n<div class=\"wp-block-uagb-advanced-heading uagb-block-ba51793e\"><h2 class=\"uagb-heading-text\"><a href=\"https:\/\/dairylando.com\/en\/informacion\/fotografia\/\" data-type=\"page\" data-id=\"7982\">Photography<\/a><\/h2><\/div>\n\n\n\n<div class=\"wp-block-uagb-separator uagb-block-bb6af191\"><div class=\"wp-block-uagb-separator__inner\" style=\"--my-background-image:\"><\/div><\/div>\n<\/div>\n\n\n\n<div class=\"wp-block-uagb-container uagb-block-3436a67f\">\n<div class=\"wp-block-uagb-container uagb-block-bcffebb6\">\n<div class=\"wp-block-uagb-advanced-heading uagb-block-b8590f2a\"><h4 class=\"uagb-heading-text\"><a href=\"https:\/\/dairylando.com\/en\/informacion\/fotografia\/\" data-type=\"page\" data-id=\"7982\">Images<\/a><\/h4><\/div>\n\n\n\n<div class=\"wp-block-uagb-advanced-heading uagb-block-4695ecef\"><h5 class=\"uagb-heading-text\"><a href=\"https:\/\/dairylando.com\/en\/informacion\/fotografia\/\" data-type=\"page\" data-id=\"7982\">Image gallery of their own.<\/a><\/h5><\/div>\n<\/div>\n\n\n\n<div class=\"wp-block-uagb-container uagb-block-c3f8bea3\">\n<div class=\"wp-block-uagb-image uagb-block-96e35b9d wp-block-uagb-image--layout-default wp-block-uagb-image--effect-static wp-block-uagb-image--align-none\"><figure class=\"wp-block-uagb-image__figure\"><a class=\"\" href=\"https:\/\/dairylando.com\/en\/informacion\/fotografia\/\" target=\"\" rel=\"noopener\"><img decoding=\"async\" srcset=\"https:\/\/dairylando.com\/wp-content\/uploads\/2025\/01\/dairylando-acc-fotos-1024x576.avif ,https:\/\/dairylando.com\/wp-content\/uploads\/2025\/01\/dairylando-acc-fotos-png.avif 780w, https:\/\/dairylando.com\/wp-content\/uploads\/2025\/01\/dairylando-acc-fotos-png.avif 360w\" sizes=\"auto, (max-width: 480px) 150px\" src=\"https:\/\/dairylando.com\/wp-content\/uploads\/2025\/01\/dairylando-acc-fotos-1024x576.avif\" alt=\"Dairylando.com Liderando opini\u00f3n en lecher\u00eda\" class=\"uag-image-9250\" width=\"1024\" height=\"576\" title=\"dairylando-acc-photos\" loading=\"lazy\" role=\"img\"\/><\/a><\/figure><\/div>\n<\/div>\n<\/div>\n<\/div>\n<\/div><\/div>\n\n\n\n<div class=\"wp-block-uagb-container uagb-block-c6c1fffc alignfull uagb-is-root-container\"><div class=\"uagb-container-inner-blocks-wrap\">\n<div class=\"wp-block-uagb-container uagb-block-62bb8f80\">\n<div class=\"wp-block-uagb-container uagb-block-81aa61f4\">\n<div class=\"wp-block-uagb-advanced-heading uagb-block-6a08e132\"><h2 class=\"uagb-heading-text\"><a href=\"https:\/\/dairylando.com\/en\/anecdotas-lecheras\/\" data-type=\"page\" data-id=\"12447\">Anecdotes dairy<\/a><\/h2><\/div>\n\n\n\n<div class=\"wp-block-uagb-separator uagb-block-2446df17\"><div class=\"wp-block-uagb-separator__inner\" style=\"--my-background-image:\"><\/div><\/div>\n<\/div>\n\n\n\n<div class=\"wp-block-uagb-container uagb-block-8d921f34\">\n<div class=\"wp-block-uagb-container uagb-block-fed0899f\">\n<div class=\"wp-block-uagb-advanced-heading uagb-block-306226b1\"><h4 class=\"uagb-heading-text\"><a href=\"https:\/\/dairylando.com\/en\/informacion\/fotografia\/\" data-type=\"page\" data-id=\"7982\">Relatos<\/a><\/h4><\/div>\n\n\n\n<div class=\"wp-block-uagb-advanced-heading uagb-block-1c52de2e\"><h5 class=\"uagb-heading-text\"><a href=\"https:\/\/dairylando.com\/en\/anecdotas-lecheras\/\" data-type=\"page\" data-id=\"12447\">Historia cortas para contar<\/a><\/h5><\/div>\n<\/div>\n\n\n\n<div class=\"wp-block-uagb-container uagb-block-a3152e05\">\n<div class=\"wp-block-uagb-image uagb-block-720ae116 wp-block-uagb-image--layout-default wp-block-uagb-image--effect-static wp-block-uagb-image--align-none\"><figure class=\"wp-block-uagb-image__figure\"><a class=\"\" href=\"https:\/\/dairylando.com\/en\/anecdotas-lecheras\/\" target=\"\" rel=\"noopener\"><img decoding=\"async\" srcset=\"https:\/\/dairylando.com\/wp-content\/uploads\/2025\/10\/Vaca-rie-con-la-nina.avif ,https:\/\/dairylando.com\/wp-content\/uploads\/2025\/10\/Vaca-rie-con-la-nina.avif 780w, https:\/\/dairylando.com\/wp-content\/uploads\/2025\/10\/Vaca-rie-con-la-nina.avif 360w\" sizes=\"auto, (max-width: 480px) 150px\" src=\"https:\/\/dairylando.com\/wp-content\/uploads\/2025\/10\/Vaca-rie-con-la-nina.avif\" alt=\"\" class=\"uag-image-12435\" width=\"1024\" height=\"576\" title=\"Vaca rie con la ni\u00f1a\" loading=\"lazy\" role=\"img\"\/><\/a><\/figure><\/div>\n<\/div>\n<\/div>\n<\/div>\n<\/div><\/div>\n\n\n\n<div class=\"wp-block-uagb-container uagb-block-3601bdff alignfull uagb-is-root-container\"><div class=\"uagb-container-inner-blocks-wrap\">\n<div class=\"wp-block-uagb-container uagb-block-763c2abf\"><\/div>\n\n\n\n<div class=\"wp-block-uagb-container uagb-block-6055a370\">\n<p><\/p>\n<\/div>\n\n\n\n<div class=\"wp-block-uagb-container uagb-block-8a6743d4\"><\/div>\n\n\n\n<div class=\"wp-block-uagb-container uagb-block-d3341ac1\"><\/div>\n<\/div><\/div>\n\n\n\n<p><\/p>\n\n\n\n<div class=\"wp-block-uagb-container uagb-block-089bc9f5 alignfull uagb-is-root-container\"><div class=\"uagb-container-inner-blocks-wrap\"><\/div><\/div>","protected":false},"excerpt":{"rendered":"<p>Informaci\u00f3n Lecher\u00eda Argentina Art\u00edculos La potencialidad de Argentina Disponibilidad de tierra agr\u00edcola La lecher\u00eda argentina y sus actores Composici\u00f3n y [&hellip;]<\/p>\n","protected":false},"author":1,"featured_media":9282,"parent":0,"menu_order":3,"comment_status":"closed","ping_status":"closed","template":"","meta":{"_uag_custom_page_level_css":"","site-sidebar-layout":"default","site-content-layout":"","ast-site-content-layout":"","site-content-style":"default","site-sidebar-style":"default","ast-global-header-display":"","ast-banner-title-visibility":"","ast-main-header-display":"","ast-hfb-above-header-display":"","ast-hfb-below-header-display":"","ast-hfb-mobile-header-display":"","site-post-title":"disabled","ast-breadcrumbs-content":"","ast-featured-img":"disabled","footer-sml-layout":"","ast-disable-related-posts":"","theme-transparent-header-meta":"disabled","adv-header-id-meta":"","stick-header-meta":"","header-above-stick-meta":"","header-main-stick-meta":"","header-below-stick-meta":"","astra-migrate-meta-layouts":"default","ast-page-background-enabled":"default","ast-page-background-meta":{"desktop":{"background-color":"var(--ast-global-color-5)","background-image":"","background-repeat":"repeat","background-position":"center center","background-size":"auto","background-attachment":"scroll","background-type":"","background-media":"","overlay-type":"","overlay-color":"","overlay-opacity":"","overlay-gradient":""},"tablet":{"background-color":"","background-image":"","background-repeat":"repeat","background-position":"center center","background-size":"auto","background-attachment":"scroll","background-type":"","background-media":"","overlay-type":"","overlay-color":"","overlay-opacity":"","overlay-gradient":""},"mobile":{"background-color":"","background-image":"","background-repeat":"repeat","background-position":"center center","background-size":"auto","background-attachment":"scroll","background-type":"","background-media":"","overlay-type":"","overlay-color":"","overlay-opacity":"","overlay-gradient":""}},"ast-content-background-meta":{"desktop":{"background-color":"var(--ast-global-color-4)","background-image":"","background-repeat":"repeat","background-position":"center center","background-size":"auto","background-attachment":"scroll","background-type":"","background-media":"","overlay-type":"","overlay-color":"","overlay-opacity":"","overlay-gradient":""},"tablet":{"background-color":"var(--ast-global-color-4)","background-image":"","background-repeat":"repeat","background-position":"center center","background-size":"auto","background-attachment":"scroll","background-type":"","background-media":"","overlay-type":"","overlay-color":"","overlay-opacity":"","overlay-gradient":""},"mobile":{"background-color":"var(--ast-global-color-4)","background-image":"","background-repeat":"repeat","background-position":"center center","background-size":"auto","background-attachment":"scroll","background-type":"","background-media":"","overlay-type":"","overlay-color":"","overlay-opacity":"","overlay-gradient":""}},"footnotes":""},"class_list":["post-44","page","type-page","status-publish","has-post-thumbnail","hentry"],"spectra_custom_meta":{"_edit_lock":["1761592710:1"],"_uag_custom_page_level_css":[""],"site-sidebar-layout":["default"],"site-content-layout":[""],"ast-site-content-layout":[""],"site-content-style":["default"],"site-sidebar-style":["default"],"ast-global-header-display":[""],"ast-banner-title-visibility":[""],"ast-main-header-display":[""],"ast-hfb-above-header-display":[""],"ast-hfb-below-header-display":[""],"ast-hfb-mobile-header-display":[""],"site-post-title":["disabled"],"ast-breadcrumbs-content":[""],"ast-featured-img":["disabled"],"footer-sml-layout":[""],"theme-transparent-header-meta":["disabled"],"adv-header-id-meta":[""],"stick-header-meta":[""],"header-above-stick-meta":[""],"header-main-stick-meta":[""],"header-below-stick-meta":[""],"astra-migrate-meta-layouts":["default"],"ast-page-background-enabled":["default"],"ast-page-background-meta":["a:3:{s:7:\"desktop\";a:12:{s:16:\"background-color\";s:25:\"var(--ast-global-color-5)\";s:16:\"background-image\";s:0:\"\";s:17:\"background-repeat\";s:6:\"repeat\";s:19:\"background-position\";s:13:\"center center\";s:15:\"background-size\";s:4:\"auto\";s:21:\"background-attachment\";s:6:\"scroll\";s:15:\"background-type\";s:0:\"\";s:16:\"background-media\";s:0:\"\";s:12:\"overlay-type\";s:0:\"\";s:13:\"overlay-color\";s:0:\"\";s:15:\"overlay-opacity\";s:0:\"\";s:16:\"overlay-gradient\";s:0:\"\";}s:6:\"tablet\";a:12:{s:16:\"background-color\";s:0:\"\";s:16:\"background-image\";s:0:\"\";s:17:\"background-repeat\";s:6:\"repeat\";s:19:\"background-position\";s:13:\"center center\";s:15:\"background-size\";s:4:\"auto\";s:21:\"background-attachment\";s:6:\"scroll\";s:15:\"background-type\";s:0:\"\";s:16:\"background-media\";s:0:\"\";s:12:\"overlay-type\";s:0:\"\";s:13:\"overlay-color\";s:0:\"\";s:15:\"overlay-opacity\";s:0:\"\";s:16:\"overlay-gradient\";s:0:\"\";}s:6:\"mobile\";a:12:{s:16:\"background-color\";s:0:\"\";s:16:\"background-image\";s:0:\"\";s:17:\"background-repeat\";s:6:\"repeat\";s:19:\"background-position\";s:13:\"center center\";s:15:\"background-size\";s:4:\"auto\";s:21:\"background-attachment\";s:6:\"scroll\";s:15:\"background-type\";s:0:\"\";s:16:\"background-media\";s:0:\"\";s:12:\"overlay-type\";s:0:\"\";s:13:\"overlay-color\";s:0:\"\";s:15:\"overlay-opacity\";s:0:\"\";s:16:\"overlay-gradient\";s:0:\"\";}}"],"ast-content-background-meta":["a:3:{s:7:\"desktop\";a:12:{s:16:\"background-color\";s:25:\"var(--ast-global-color-4)\";s:16:\"background-image\";s:0:\"\";s:17:\"background-repeat\";s:6:\"repeat\";s:19:\"background-position\";s:13:\"center center\";s:15:\"background-size\";s:4:\"auto\";s:21:\"background-attachment\";s:6:\"scroll\";s:15:\"background-type\";s:0:\"\";s:16:\"background-media\";s:0:\"\";s:12:\"overlay-type\";s:0:\"\";s:13:\"overlay-color\";s:0:\"\";s:15:\"overlay-opacity\";s:0:\"\";s:16:\"overlay-gradient\";s:0:\"\";}s:6:\"tablet\";a:12:{s:16:\"background-color\";s:25:\"var(--ast-global-color-4)\";s:16:\"background-image\";s:0:\"\";s:17:\"background-repeat\";s:6:\"repeat\";s:19:\"background-position\";s:13:\"center center\";s:15:\"background-size\";s:4:\"auto\";s:21:\"background-attachment\";s:6:\"scroll\";s:15:\"background-type\";s:0:\"\";s:16:\"background-media\";s:0:\"\";s:12:\"overlay-type\";s:0:\"\";s:13:\"overlay-color\";s:0:\"\";s:15:\"overlay-opacity\";s:0:\"\";s:16:\"overlay-gradient\";s:0:\"\";}s:6:\"mobile\";a:12:{s:16:\"background-color\";s:25:\"var(--ast-global-color-4)\";s:16:\"background-image\";s:0:\"\";s:17:\"background-repeat\";s:6:\"repeat\";s:19:\"background-position\";s:13:\"center center\";s:15:\"background-size\";s:4:\"auto\";s:21:\"background-attachment\";s:6:\"scroll\";s:15:\"background-type\";s:0:\"\";s:16:\"background-media\";s:0:\"\";s:12:\"overlay-type\";s:0:\"\";s:13:\"overlay-color\";s:0:\"\";s:15:\"overlay-opacity\";s:0:\"\";s:16:\"overlay-gradient\";s:0:\"\";}}"],"footnotes":[""],"_edit_last":["1"],"_thumbnail_id":["9282"],"rank_math_internal_links_processed":["1"],"rank_math_seo_score":["19"],"_uag_css_file_name":["uag-css-44.css"],"_uag_js_file_name":["uag-js-44.js"]},"uagb_featured_image_src":{"full":["https:\/\/dairylando.com\/wp-content\/uploads\/2025\/01\/dairylando-doc-012-png.avif",500,300,false],"thumbnail":["https:\/\/dairylando.com\/wp-content\/uploads\/2025\/01\/dairylando-doc-012-150x150.avif",150,150,true],"medium":["https:\/\/dairylando.com\/wp-content\/uploads\/2025\/01\/dairylando-doc-012-300x180.avif",300,180,true],"medium_large":["https:\/\/dairylando.com\/wp-content\/uploads\/2025\/01\/dairylando-doc-012-png.avif",500,300,false],"large":["https:\/\/dairylando.com\/wp-content\/uploads\/2025\/01\/dairylando-doc-012-png.avif",500,300,false],"1536x1536":["https:\/\/dairylando.com\/wp-content\/uploads\/2025\/01\/dairylando-doc-012-png.avif",500,300,false],"2048x2048":["https:\/\/dairylando.com\/wp-content\/uploads\/2025\/01\/dairylando-doc-012-png.avif",500,300,false],"trp-custom-language-flag":["https:\/\/dairylando.com\/wp-content\/uploads\/2025\/01\/dairylando-doc-012-png.avif",18,12,false]},"uagb_author_info":{"display_name":"estebandivano@gmail.com","author_link":"https:\/\/dairylando.com\/en\/author\/estebandivanogmail-com\/"},"uagb_comment_info":0,"uagb_excerpt":"Informaci\u00f3n Lecher\u00eda Argentina Art\u00edculos La potencialidad de Argentina Disponibilidad de tierra agr\u00edcola La lecher\u00eda argentina y sus actores Composici\u00f3n y [&hellip;]","_links":{"self":[{"href":"https:\/\/dairylando.com\/en\/wp-json\/wp\/v2\/pages\/44","targetHints":{"allow":["GET"]}}],"collection":[{"href":"https:\/\/dairylando.com\/en\/wp-json\/wp\/v2\/pages"}],"about":[{"href":"https:\/\/dairylando.com\/en\/wp-json\/wp\/v2\/types\/page"}],"author":[{"embeddable":true,"href":"https:\/\/dairylando.com\/en\/wp-json\/wp\/v2\/users\/1"}],"replies":[{"embeddable":true,"href":"https:\/\/dairylando.com\/en\/wp-json\/wp\/v2\/comments?post=44"}],"version-history":[{"count":3,"href":"https:\/\/dairylando.com\/en\/wp-json\/wp\/v2\/pages\/44\/revisions"}],"predecessor-version":[{"id":12454,"href":"https:\/\/dairylando.com\/en\/wp-json\/wp\/v2\/pages\/44\/revisions\/12454"}],"wp:featuredmedia":[{"embeddable":true,"href":"https:\/\/dairylando.com\/en\/wp-json\/wp\/v2\/media\/9282"}],"wp:attachment":[{"href":"https:\/\/dairylando.com\/en\/wp-json\/wp\/v2\/media?parent=44"}],"curies":[{"name":"wp","href":"https:\/\/api.w.org\/{rel}","templated":true}]}}