{"id":444,"date":"2014-12-17T14:53:41","date_gmt":"2014-12-17T17:53:41","guid":{"rendered":"http:\/\/dairylando.com\/?page_id=444"},"modified":"2025-03-13T11:48:01","modified_gmt":"2025-03-13T11:48:01","slug":"lecheria-argentina","status":"publish","type":"page","link":"https:\/\/dairylando.com\/en\/informacion\/lecheria-argentina\/","title":{"rendered":"Dairy Argentina"},"content":{"rendered":"<div class=\"wp-block-uagb-advanced-heading uagb-block-e26dd1e5\"><h2 class=\"uagb-heading-text\">Dairy Argentina<\/h2><\/div>\n\n\n\n<div class=\"wp-block-uagb-container uagb-block-46d98607 alignfull uagb-is-root-container\"><div class=\"uagb-container-inner-blocks-wrap\">\n<div class=\"wp-block-uagb-container uagb-block-1a9237bd\">\n<div class=\"wp-block-uagb-container uagb-block-f09046da\">\n<div class=\"wp-block-uagb-container uagb-block-b3512d9a\">\n<div class=\"wp-block-uagb-advanced-heading uagb-block-b8d39431\"><h2 class=\"uagb-heading-text\"><a href=\"https:\/\/dairylando.com\/en\/competitividad\/la-potencialidad-de-argentina\/\" data-type=\"page\" data-id=\"244\">The potential of Argentina.<\/a><\/h2><\/div>\n\n\n\n<div class=\"wp-block-uagb-separator uagb-block-de145f62\"><div class=\"wp-block-uagb-separator__inner\" style=\"--my-background-image:\"><\/div><\/div>\n<\/div>\n\n\n\n<div class=\"wp-block-uagb-container uagb-block-972ae04d\">\n<div class=\"wp-block-uagb-container uagb-block-53397d30\">\n<div class=\"wp-block-uagb-image uagb-block-019e13d2 wp-block-uagb-image--layout-default wp-block-uagb-image--effect-static wp-block-uagb-image--align-none\"><figure class=\"wp-block-uagb-image__figure\"><a class=\"\" href=\"https:\/\/dairylando.com\/en\/competitividad\/la-potencialidad-de-argentina\/\" target=\"\" rel=\"noopener\"><img decoding=\"async\" srcset=\"https:\/\/dairylando.com\/wp-content\/uploads\/2025\/01\/evolucion-argentina-png.avif ,https:\/\/dairylando.com\/wp-content\/uploads\/2025\/01\/evolucion-argentina-png.avif 780w, https:\/\/dairylando.com\/wp-content\/uploads\/2025\/01\/evolucion-argentina-png.avif 360w\" sizes=\"auto, (max-width: 480px) 150px\" src=\"https:\/\/dairylando.com\/wp-content\/uploads\/2025\/01\/evolucion-argentina-png.avif\" alt=\"Dairylando.com Liderando opini\u00f3n en lecher\u00eda\" class=\"uag-image-9156\" width=\"1000\" height=\"600\" title=\"evolution-argentina\" loading=\"lazy\" role=\"img\"\/><\/a><\/figure><\/div>\n<\/div>\n<\/div>\n<\/div>\n\n\n\n<div class=\"wp-block-uagb-container uagb-block-1cfe3e44\">\n<div class=\"wp-block-uagb-container uagb-block-4f5ccab3\">\n<div class=\"wp-block-uagb-advanced-heading uagb-block-64bbe16c\"><h2 class=\"uagb-heading-text\"><a href=\"https:\/\/dairylando.com\/en\/competitividad\/disponibilidad-de-tierra-agricola\/\" data-type=\"page\" data-id=\"235\">Availability of agricultural land.<\/a><\/h2><\/div>\n\n\n\n<div class=\"wp-block-uagb-separator uagb-block-d6f58f3f\"><div class=\"wp-block-uagb-separator__inner\" style=\"--my-background-image:\"><\/div><\/div>\n<\/div>\n\n\n\n<div class=\"wp-block-uagb-container uagb-block-0c63dfad\">\n<div class=\"wp-block-uagb-container uagb-block-1b11c40a\">\n<div class=\"wp-block-uagb-image uagb-block-29c2fe97 wp-block-uagb-image--layout-default wp-block-uagb-image--effect-static wp-block-uagb-image--align-none\"><figure class=\"wp-block-uagb-image__figure\"><a class=\"\" href=\"https:\/\/dairylando.com\/en\/competitividad\/disponibilidad-de-tierra-agricola\/\" target=\"\" rel=\"noopener\"><img decoding=\"async\" srcset=\"https:\/\/dairylando.com\/wp-content\/uploads\/2025\/01\/dairylando-disponi-002-1024x576.avif ,https:\/\/dairylando.com\/wp-content\/uploads\/2025\/01\/dairylando-disponi-002-png.avif 780w, https:\/\/dairylando.com\/wp-content\/uploads\/2025\/01\/dairylando-disponi-002-png.avif 360w\" sizes=\"auto, (max-width: 480px) 150px\" src=\"https:\/\/dairylando.com\/wp-content\/uploads\/2025\/01\/dairylando-disponi-002-1024x576.avif\" alt=\"Dairylando.com Liderando opini\u00f3n en lecher\u00eda\" class=\"uag-image-9306\" width=\"1024\" height=\"576\" title=\"dairylando-devel-002\" loading=\"lazy\" role=\"img\"\/><\/a><\/figure><\/div>\n<\/div>\n<\/div>\n<\/div>\n<\/div>\n\n\n\n<div class=\"wp-block-uagb-container uagb-block-402f0d4c\">\n<div class=\"wp-block-uagb-container uagb-block-bca0fc4f\">\n<div class=\"wp-block-uagb-container uagb-block-d414cd04\">\n<div class=\"wp-block-uagb-advanced-heading uagb-block-2946280b\"><h2 class=\"uagb-heading-text\"><a href=\"https:\/\/dairylando.com\/en\/lecheria-argentina\/la-lecheria-argentina\/\" data-type=\"page\" data-id=\"7981\">Argentinian dairy and its actors.<\/a><\/h2><\/div>\n\n\n\n<div class=\"wp-block-uagb-separator uagb-block-0a996f58\"><div class=\"wp-block-uagb-separator__inner\" style=\"--my-background-image:\"><\/div><\/div>\n<\/div>\n\n\n\n<div class=\"wp-block-uagb-container uagb-block-700a348e\">\n<div class=\"wp-block-uagb-container uagb-block-fbaa7810\">\n<div class=\"wp-block-uagb-image uagb-block-c29aaa13 wp-block-uagb-image--layout-default wp-block-uagb-image--effect-static wp-block-uagb-image--align-none\"><figure class=\"wp-block-uagb-image__figure\"><a class=\"\" href=\"https:\/\/dairylando.com\/en\/lecheria-argentina\/la-lecheria-argentina\/\" target=\"\" rel=\"noopener\"><img decoding=\"async\" srcset=\"https:\/\/dairylando.com\/wp-content\/uploads\/2025\/01\/dayrilando-007-1024x576.avif ,https:\/\/dairylando.com\/wp-content\/uploads\/2025\/01\/dayrilando-007.avif 780w, https:\/\/dairylando.com\/wp-content\/uploads\/2025\/01\/dayrilando-007.avif 360w\" sizes=\"auto, (max-width: 480px) 150px\" src=\"https:\/\/dairylando.com\/wp-content\/uploads\/2025\/01\/dayrilando-007-1024x576.avif\" alt=\"Dairylando.com Liderando opini\u00f3n en lecher\u00eda\" class=\"uag-image-8105\" width=\"1024\" height=\"576\" title=\"dayrilando-007\" loading=\"lazy\" role=\"img\"\/><\/a><\/figure><\/div>\n<\/div>\n<\/div>\n<\/div>\n\n\n\n<div class=\"wp-block-uagb-container uagb-block-ae4232c2\">\n<div class=\"wp-block-uagb-container uagb-block-90a9ac58\">\n<div class=\"wp-block-uagb-advanced-heading uagb-block-1659c050\"><h2 class=\"uagb-heading-text\"><a href=\"https:\/\/dairylando.com\/en\/lecheria-argentina\/composicion-y-calidad-de-leche\/\" data-type=\"page\" data-id=\"3631\">The composition and quality of milk.<\/a><\/h2><\/div>\n\n\n\n<div class=\"wp-block-uagb-separator uagb-block-ab7b0124\"><div class=\"wp-block-uagb-separator__inner\" style=\"--my-background-image:\"><\/div><\/div>\n<\/div>\n\n\n\n<div class=\"wp-block-uagb-container uagb-block-26698cd4\">\n<div class=\"wp-block-uagb-container uagb-block-2b83a7ee\">\n<div class=\"wp-block-uagb-image uagb-block-392cf8b4 wp-block-uagb-image--layout-default wp-block-uagb-image--effect-static wp-block-uagb-image--align-none\"><figure class=\"wp-block-uagb-image__figure\"><a class=\"\" href=\"https:\/\/dairylando.com\/en\/lecheria-argentina\/composicion-y-calidad-de-leche\/\" target=\"\" rel=\"noopener\"><img decoding=\"async\" srcset=\"https:\/\/dairylando.com\/wp-content\/uploads\/2025\/01\/dairylando-disponi-004-1024x576.avif ,https:\/\/dairylando.com\/wp-content\/uploads\/2025\/01\/dairylando-disponi-004-png.avif 780w, https:\/\/dairylando.com\/wp-content\/uploads\/2025\/01\/dairylando-disponi-004-png.avif 360w\" sizes=\"auto, (max-width: 480px) 150px\" src=\"https:\/\/dairylando.com\/wp-content\/uploads\/2025\/01\/dairylando-disponi-004-1024x576.avif\" alt=\"Dairylando.com Liderando opini\u00f3n en lecher\u00eda\" class=\"uag-image-9309\" width=\"1024\" height=\"576\" title=\"dairylando-devel-004\" loading=\"lazy\" role=\"img\"\/><\/a><\/figure><\/div>\n<\/div>\n<\/div>\n<\/div>\n<\/div>\n\n\n\n<div class=\"wp-block-uagb-container uagb-block-a94b47bc\">\n<div class=\"wp-block-uagb-container uagb-block-77bce9e5\">\n<div class=\"wp-block-uagb-container uagb-block-56317b79\">\n<div class=\"wp-block-uagb-advanced-heading uagb-block-2a58184e\"><h2 class=\"uagb-heading-text\"><a href=\"https:\/\/dairylando.com\/en\/lecheria-argentina\/sistemas-de-produccion\/\" data-type=\"page\" data-id=\"256\">Production systems<\/a>.<\/h2><\/div>\n\n\n\n<div class=\"wp-block-uagb-separator uagb-block-ff9b2119\"><div class=\"wp-block-uagb-separator__inner\" style=\"--my-background-image:\"><\/div><\/div>\n<\/div>\n\n\n\n<div class=\"wp-block-uagb-container uagb-block-bd5e1951\">\n<div class=\"wp-block-uagb-container uagb-block-05341c4a\">\n<div class=\"wp-block-uagb-image uagb-block-0fefd2e9 wp-block-uagb-image--layout-default wp-block-uagb-image--effect-static wp-block-uagb-image--align-none\"><figure class=\"wp-block-uagb-image__figure\"><a class=\"\" href=\"https:\/\/dairylando.com\/en\/lecheria-argentina\/sistemas-de-produccion\/\" target=\"\" rel=\"noopener\"><img decoding=\"async\" srcset=\"https:\/\/dairylando.com\/wp-content\/uploads\/2025\/01\/dairylando-doc-009-png.avif ,https:\/\/dairylando.com\/wp-content\/uploads\/2025\/01\/dairylando-doc-009-png.avif 780w, https:\/\/dairylando.com\/wp-content\/uploads\/2025\/01\/dairylando-doc-009-png.avif 360w\" sizes=\"auto, (max-width: 480px) 150px\" src=\"https:\/\/dairylando.com\/wp-content\/uploads\/2025\/01\/dairylando-doc-009-png.avif\" alt=\"Dairylando.com Liderando opini\u00f3n en lecher\u00eda\" class=\"uag-image-9279\" width=\"500\" height=\"300\" title=\"dairylando-doc-009\" loading=\"lazy\" role=\"img\"\/><\/a><\/figure><\/div>\n<\/div>\n<\/div>\n<\/div>\n\n\n\n<div class=\"wp-block-uagb-container uagb-block-114a641c\"><\/div>\n<\/div>\n<\/div><\/div>","protected":false},"excerpt":{"rendered":"<p>Lecher\u00eda Argentina La potencialidad de Argentina. Disponibilidad de tierra agr\u00edcola. La lecher\u00eda argentina y sus actores. Composici\u00f3n y calidad de [&hellip;]<\/p>\n","protected":false},"author":1,"featured_media":8093,"parent":44,"menu_order":1,"comment_status":"open","ping_status":"closed","template":"","meta":{"_uag_custom_page_level_css":"","site-sidebar-layout":"default","site-content-layout":"","ast-site-content-layout":"","site-content-style":"default","site-sidebar-style":"default","ast-global-header-display":"","ast-banner-title-visibility":"","ast-main-header-display":"","ast-hfb-above-header-display":"","ast-hfb-below-header-display":"","ast-hfb-mobile-header-display":"","site-post-title":"disabled","ast-breadcrumbs-content":"","ast-featured-img":"disabled","footer-sml-layout":"","ast-disable-related-posts":"","theme-transparent-header-meta":"disabled","adv-header-id-meta":"","stick-header-meta":"","header-above-stick-meta":"","header-main-stick-meta":"","header-below-stick-meta":"","astra-migrate-meta-layouts":"default","ast-page-background-enabled":"default","ast-page-background-meta":{"desktop":{"background-color":"var(--ast-global-color-5)","background-image":"","background-repeat":"repeat","background-position":"center center","background-size":"auto","background-attachment":"scroll","background-type":"","background-media":"","overlay-type":"","overlay-color":"","overlay-opacity":"","overlay-gradient":""},"tablet":{"background-color":"","background-image":"","background-repeat":"repeat","background-position":"center center","background-size":"auto","background-attachment":"scroll","background-type":"","background-media":"","overlay-type":"","overlay-color":"","overlay-opacity":"","overlay-gradient":""},"mobile":{"background-color":"","background-image":"","background-repeat":"repeat","background-position":"center center","background-size":"auto","background-attachment":"scroll","background-type":"","background-media":"","overlay-type":"","overlay-color":"","overlay-opacity":"","overlay-gradient":""}},"ast-content-background-meta":{"desktop":{"background-color":"var(--ast-global-color-4)","background-image":"","background-repeat":"repeat","background-position":"center center","background-size":"auto","background-attachment":"scroll","background-type":"","background-media":"","overlay-type":"","overlay-color":"","overlay-opacity":"","overlay-gradient":""},"tablet":{"background-color":"var(--ast-global-color-4)","background-image":"","background-repeat":"repeat","background-position":"center center","background-size":"auto","background-attachment":"scroll","background-type":"","background-media":"","overlay-type":"","overlay-color":"","overlay-opacity":"","overlay-gradient":""},"mobile":{"background-color":"var(--ast-global-color-4)","background-image":"","background-repeat":"repeat","background-position":"center center","background-size":"auto","background-attachment":"scroll","background-type":"","background-media":"","overlay-type":"","overlay-color":"","overlay-opacity":"","overlay-gradient":""}},"footnotes":""},"class_list":["post-444","page","type-page","status-publish","has-post-thumbnail","hentry"],"spectra_custom_meta":{"_edit_last":["1"],"_wp_page_template":["default"],"_publicize_pending":["1"],"geo_public":["0"],"_elasticsearch_data_sharing_indexed_on":["2024-10-26 19:53:35"],"_edit_lock":["1741866496:1"],"_uag_custom_page_level_css":[""],"site-sidebar-layout":["default"],"site-content-layout":[""],"ast-site-content-layout":[""],"site-content-style":["default"],"site-sidebar-style":["default"],"ast-global-header-display":[""],"ast-banner-title-visibility":[""],"ast-main-header-display":[""],"ast-hfb-above-header-display":[""],"ast-hfb-below-header-display":[""],"ast-hfb-mobile-header-display":[""],"site-post-title":["disabled"],"ast-breadcrumbs-content":[""],"ast-featured-img":["disabled"],"footer-sml-layout":[""],"theme-transparent-header-meta":["disabled"],"adv-header-id-meta":[""],"stick-header-meta":[""],"header-above-stick-meta":[""],"header-main-stick-meta":[""],"header-below-stick-meta":[""],"astra-migrate-meta-layouts":["default"],"ast-page-background-enabled":["default"],"ast-page-background-meta":["a:3:{s:7:\"desktop\";a:12:{s:16:\"background-color\";s:25:\"var(--ast-global-color-5)\";s:16:\"background-image\";s:0:\"\";s:17:\"background-repeat\";s:6:\"repeat\";s:19:\"background-position\";s:13:\"center center\";s:15:\"background-size\";s:4:\"auto\";s:21:\"background-attachment\";s:6:\"scroll\";s:15:\"background-type\";s:0:\"\";s:16:\"background-media\";s:0:\"\";s:12:\"overlay-type\";s:0:\"\";s:13:\"overlay-color\";s:0:\"\";s:15:\"overlay-opacity\";s:0:\"\";s:16:\"overlay-gradient\";s:0:\"\";}s:6:\"tablet\";a:12:{s:16:\"background-color\";s:0:\"\";s:16:\"background-image\";s:0:\"\";s:17:\"background-repeat\";s:6:\"repeat\";s:19:\"background-position\";s:13:\"center center\";s:15:\"background-size\";s:4:\"auto\";s:21:\"background-attachment\";s:6:\"scroll\";s:15:\"background-type\";s:0:\"\";s:16:\"background-media\";s:0:\"\";s:12:\"overlay-type\";s:0:\"\";s:13:\"overlay-color\";s:0:\"\";s:15:\"overlay-opacity\";s:0:\"\";s:16:\"overlay-gradient\";s:0:\"\";}s:6:\"mobile\";a:12:{s:16:\"background-color\";s:0:\"\";s:16:\"background-image\";s:0:\"\";s:17:\"background-repeat\";s:6:\"repeat\";s:19:\"background-position\";s:13:\"center center\";s:15:\"background-size\";s:4:\"auto\";s:21:\"background-attachment\";s:6:\"scroll\";s:15:\"background-type\";s:0:\"\";s:16:\"background-media\";s:0:\"\";s:12:\"overlay-type\";s:0:\"\";s:13:\"overlay-color\";s:0:\"\";s:15:\"overlay-opacity\";s:0:\"\";s:16:\"overlay-gradient\";s:0:\"\";}}"],"ast-content-background-meta":["a:3:{s:7:\"desktop\";a:12:{s:16:\"background-color\";s:25:\"var(--ast-global-color-4)\";s:16:\"background-image\";s:0:\"\";s:17:\"background-repeat\";s:6:\"repeat\";s:19:\"background-position\";s:13:\"center center\";s:15:\"background-size\";s:4:\"auto\";s:21:\"background-attachment\";s:6:\"scroll\";s:15:\"background-type\";s:0:\"\";s:16:\"background-media\";s:0:\"\";s:12:\"overlay-type\";s:0:\"\";s:13:\"overlay-color\";s:0:\"\";s:15:\"overlay-opacity\";s:0:\"\";s:16:\"overlay-gradient\";s:0:\"\";}s:6:\"tablet\";a:12:{s:16:\"background-color\";s:25:\"var(--ast-global-color-4)\";s:16:\"background-image\";s:0:\"\";s:17:\"background-repeat\";s:6:\"repeat\";s:19:\"background-position\";s:13:\"center center\";s:15:\"background-size\";s:4:\"auto\";s:21:\"background-attachment\";s:6:\"scroll\";s:15:\"background-type\";s:0:\"\";s:16:\"background-media\";s:0:\"\";s:12:\"overlay-type\";s:0:\"\";s:13:\"overlay-color\";s:0:\"\";s:15:\"overlay-opacity\";s:0:\"\";s:16:\"overlay-gradient\";s:0:\"\";}s:6:\"mobile\";a:12:{s:16:\"background-color\";s:25:\"var(--ast-global-color-4)\";s:16:\"background-image\";s:0:\"\";s:17:\"background-repeat\";s:6:\"repeat\";s:19:\"background-position\";s:13:\"center center\";s:15:\"background-size\";s:4:\"auto\";s:21:\"background-attachment\";s:6:\"scroll\";s:15:\"background-type\";s:0:\"\";s:16:\"background-media\";s:0:\"\";s:12:\"overlay-type\";s:0:\"\";s:13:\"overlay-color\";s:0:\"\";s:15:\"overlay-opacity\";s:0:\"\";s:16:\"overlay-gradient\";s:0:\"\";}}"],"footnotes":[""],"_thumbnail_id":["8093"],"rank_math_internal_links_processed":["1"],"_uag_css_file_name":["uag-css-444.css"],"_uag_js_file_name":["uag-js-444.js"]},"uagb_featured_image_src":{"full":["https:\/\/dairylando.com\/wp-content\/uploads\/2025\/01\/dairylando-010-png.avif",1920,1080,false],"thumbnail":["https:\/\/dairylando.com\/wp-content\/uploads\/2025\/01\/dairylando-010-150x150.avif",150,150,true],"medium":["https:\/\/dairylando.com\/wp-content\/uploads\/2025\/01\/dairylando-010-300x169.avif",300,169,true],"medium_large":["https:\/\/dairylando.com\/wp-content\/uploads\/2025\/01\/dairylando-010-768x432.avif",768,432,true],"large":["https:\/\/dairylando.com\/wp-content\/uploads\/2025\/01\/dairylando-010-1024x576.avif",1024,576,true],"1536x1536":["https:\/\/dairylando.com\/wp-content\/uploads\/2025\/01\/dairylando-010-1536x864.avif",1536,864,true],"2048x2048":["https:\/\/dairylando.com\/wp-content\/uploads\/2025\/01\/dairylando-010-png.avif",1920,1080,false],"trp-custom-language-flag":["https:\/\/dairylando.com\/wp-content\/uploads\/2025\/01\/dairylando-010-png.avif",18,10,false]},"uagb_author_info":{"display_name":"estebandivano@gmail.com","author_link":"https:\/\/dairylando.com\/en\/author\/estebandivanogmail-com\/"},"uagb_comment_info":9,"uagb_excerpt":"Lecher\u00eda Argentina La potencialidad de Argentina. Disponibilidad de tierra agr\u00edcola. La lecher\u00eda argentina y sus actores. Composici\u00f3n y calidad de [&hellip;]","_links":{"self":[{"href":"https:\/\/dairylando.com\/en\/wp-json\/wp\/v2\/pages\/444","targetHints":{"allow":["GET"]}}],"collection":[{"href":"https:\/\/dairylando.com\/en\/wp-json\/wp\/v2\/pages"}],"about":[{"href":"https:\/\/dairylando.com\/en\/wp-json\/wp\/v2\/types\/page"}],"author":[{"embeddable":true,"href":"https:\/\/dairylando.com\/en\/wp-json\/wp\/v2\/users\/1"}],"replies":[{"embeddable":true,"href":"https:\/\/dairylando.com\/en\/wp-json\/wp\/v2\/comments?post=444"}],"version-history":[{"count":0,"href":"https:\/\/dairylando.com\/en\/wp-json\/wp\/v2\/pages\/444\/revisions"}],"up":[{"embeddable":true,"href":"https:\/\/dairylando.com\/en\/wp-json\/wp\/v2\/pages\/44"}],"wp:featuredmedia":[{"embeddable":true,"href":"https:\/\/dairylando.com\/en\/wp-json\/wp\/v2\/media\/8093"}],"wp:attachment":[{"href":"https:\/\/dairylando.com\/en\/wp-json\/wp\/v2\/media?parent=444"}],"curies":[{"name":"wp","href":"https:\/\/api.w.org\/{rel}","templated":true}]}}