{"id":7980,"date":"2014-09-03T08:09:41","date_gmt":"2014-09-03T11:09:41","guid":{"rendered":"http:\/\/dairylando.com\/?page_id=19"},"modified":"2026-04-29T19:50:25","modified_gmt":"2026-04-29T19:50:25","slug":"el-mercado-lacteo","status":"publish","type":"page","link":"https:\/\/dairylando.com\/en\/el-mercado-lacteo\/","title":{"rendered":"The milk market"},"content":{"rendered":"<div class=\"wp-block-uagb-container uagb-block-a868854e alignfull uagb-is-root-container\"><div class=\"uagb-container-inner-blocks-wrap\">\n<div class=\"wp-block-uagb-container uagb-block-72ce9b41\">\n<div class=\"wp-block-uagb-container uagb-block-8990ca0b\">\n<div class=\"wp-block-uagb-image aligncenter uagb-block-5519a71d wp-block-uagb-image--layout-default wp-block-uagb-image--effect-static wp-block-uagb-image--align-center\"><figure class=\"wp-block-uagb-image__figure\"><img decoding=\"async\" srcset=\"https:\/\/dairylando.com\/wp-content\/uploads\/2025\/05\/gouda-cheese-making-from-raw-milk-1024x576.avif ,https:\/\/dairylando.com\/wp-content\/uploads\/2025\/05\/gouda-cheese-making-from-raw-milk-scaled.avif 780w, https:\/\/dairylando.com\/wp-content\/uploads\/2025\/05\/gouda-cheese-making-from-raw-milk-scaled.avif 360w\" sizes=\"auto, (max-width: 480px) 150px\" src=\"https:\/\/dairylando.com\/wp-content\/uploads\/2025\/05\/gouda-cheese-making-from-raw-milk-1024x576.avif\" alt=\"\" class=\"uag-image-10661\" width=\"345\" height=\"193\" title=\"gouda-cheese-making-from-raw-milk\" loading=\"lazy\" role=\"img\"\/><\/figure><\/div>\n<\/div>\n\n\n\n<div class=\"wp-block-uagb-container uagb-block-b5709e71\">\n<div class=\"wp-block-uagb-advanced-heading uagb-block-39e8ac3e\"><h5 class=\"uagb-heading-text\">We present in this section the graphs with the information relevant to the local and international market updated periodically.<\/h5><\/div>\n<\/div>\n<\/div>\n\n\n\n<div class=\"wp-block-uagb-advanced-heading uagb-block-0197cf23\"><h4 class=\"uagb-heading-text\"><strong>Local market<\/strong><\/h4><\/div>\n\n\n\n<p>La primavera 2025 lleg\u00f3 con una abundante \u201cola de leche\u201d en Argentina. El aumento estacional de producci\u00f3n, potenciado por buenas condiciones clim\u00e1ticas, deriv\u00f3 en un aumento de leche cruda +10.7% superior al periodo ene-oct 2024, volumen que el sistema industrial y comercial no logr\u00f3 absorber al mismo ritmo. El resultado gener\u00f3 presi\u00f3n bajista sobre el precio al productor, aunque gracias a la industria exportadora, se repiti\u00f3 precio y adem\u00e1s muchas dudas con respecto al potencial de crecimiento de la lecher\u00eda argentina.<\/p>\n\n\n\n<div class=\"wp-block-uagb-image uagb-block-cba4c8d4 wp-block-uagb-image--layout-default wp-block-uagb-image--effect-static wp-block-uagb-image--align-none\"><figure class=\"wp-block-uagb-image__figure\"><img decoding=\"async\" srcset=\"https:\/\/dairylando.com\/wp-content\/uploads\/2026\/04\/Evolucion-produccion-interanual.png ,https:\/\/dairylando.com\/wp-content\/uploads\/2026\/04\/Evolucion-produccion-interanual.png 780w, https:\/\/dairylando.com\/wp-content\/uploads\/2026\/04\/Evolucion-produccion-interanual.png 360w\" sizes=\"auto, (max-width: 480px) 150px\" src=\"https:\/\/dairylando.com\/wp-content\/uploads\/2026\/04\/Evolucion-produccion-interanual.png\" alt=\"\" class=\"uag-image-13067\" width=\"482\" height=\"283\" title=\"Evolucion produccion interanual\" loading=\"lazy\" role=\"img\"\/><\/figure><\/div>\n\n\n\n<div class=\"wp-block-uagb-image uagb-block-de3fbb46 wp-block-uagb-image--layout-default wp-block-uagb-image--effect-static wp-block-uagb-image--align-none\"><figure class=\"wp-block-uagb-image__figure\"><img decoding=\"async\" srcset=\"https:\/\/dairylando.com\/wp-content\/uploads\/2026\/04\/Evolucion-estacional-produccion-de-leche.png ,https:\/\/dairylando.com\/wp-content\/uploads\/2026\/04\/Evolucion-estacional-produccion-de-leche.png 780w, https:\/\/dairylando.com\/wp-content\/uploads\/2026\/04\/Evolucion-estacional-produccion-de-leche.png 360w\" sizes=\"auto, (max-width: 480px) 150px\" src=\"https:\/\/dairylando.com\/wp-content\/uploads\/2026\/04\/Evolucion-estacional-produccion-de-leche.png\" alt=\"\" class=\"uag-image-13069\" width=\"485\" height=\"310\" title=\"Evolucion estacional produccion de leche\" loading=\"lazy\" role=\"img\"\/><\/figure><\/div>\n\n\n\n<figure class=\"wp-block-image size-full is-resized\"><img data-dominant-color=\"ced4e0\" data-has-transparency=\"true\" loading=\"lazy\" decoding=\"async\" width=\"543\" height=\"333\" src=\"https:\/\/dairylando.com\/wp-content\/uploads\/2026\/04\/Variacion-interanual-por-provincia-y-su-aporte-.png\" alt=\"\" class=\"wp-image-13070 has-transparency\" style=\"--dominant-color: #ced4e0; aspect-ratio:1.6306777401825079;width:484px;height:auto\"\/><\/figure>\n\n\n\n<div class=\"wp-block-uagb-image uagb-block-380b0e55 wp-block-uagb-image--layout-default wp-block-uagb-image--effect-static wp-block-uagb-image--align-none\"><figure class=\"wp-block-uagb-image__figure\"><img decoding=\"async\" srcset=\"https:\/\/dairylando.com\/wp-content\/uploads\/2026\/04\/Precio-leche-productor-en-dolares.png ,https:\/\/dairylando.com\/wp-content\/uploads\/2026\/04\/Precio-leche-productor-en-dolares.png 780w, https:\/\/dairylando.com\/wp-content\/uploads\/2026\/04\/Precio-leche-productor-en-dolares.png 360w\" sizes=\"auto, (max-width: 480px) 150px\" src=\"https:\/\/dairylando.com\/wp-content\/uploads\/2026\/04\/Precio-leche-productor-en-dolares.png\" alt=\"\" class=\"uag-image-13072\" width=\"442\" height=\"259\" title=\"Precio leche productor en d\u00f3lares\" loading=\"lazy\" role=\"img\"\/><\/figure><\/div>\n\n\n\n<div class=\"wp-block-uagb-image uagb-block-7454ec4e wp-block-uagb-image--layout-default wp-block-uagb-image--effect-static wp-block-uagb-image--align-none\"><figure class=\"wp-block-uagb-image__figure\"><img decoding=\"async\" srcset=\"https:\/\/dairylando.com\/wp-content\/uploads\/2026\/04\/Evolucion-de-VENTas-el-mercado-interno.png ,https:\/\/dairylando.com\/wp-content\/uploads\/2026\/04\/Evolucion-de-VENTas-el-mercado-interno.png 780w, https:\/\/dairylando.com\/wp-content\/uploads\/2026\/04\/Evolucion-de-VENTas-el-mercado-interno.png 360w\" sizes=\"auto, (max-width: 480px) 150px\" src=\"https:\/\/dairylando.com\/wp-content\/uploads\/2026\/04\/Evolucion-de-VENTas-el-mercado-interno.png\" alt=\"\" class=\"uag-image-13086\" width=\"456\" height=\"284\" title=\"Evolucion de VENTas el mercado interno\" loading=\"lazy\" role=\"img\"\/><\/figure><\/div>\n\n\n\n<div class=\"wp-block-uagb-image uagb-block-46cbc524 wp-block-uagb-image--layout-default wp-block-uagb-image--effect-static wp-block-uagb-image--align-none\"><figure class=\"wp-block-uagb-image__figure\"><img decoding=\"async\" srcset=\"https:\/\/dairylando.com\/wp-content\/uploads\/2026\/04\/Evolucion-de-las-existencias-de-lacteos.png ,https:\/\/dairylando.com\/wp-content\/uploads\/2026\/04\/Evolucion-de-las-existencias-de-lacteos.png 780w, https:\/\/dairylando.com\/wp-content\/uploads\/2026\/04\/Evolucion-de-las-existencias-de-lacteos.png 360w\" sizes=\"auto, (max-width: 480px) 150px\" src=\"https:\/\/dairylando.com\/wp-content\/uploads\/2026\/04\/Evolucion-de-las-existencias-de-lacteos.png\" alt=\"\" class=\"uag-image-13076\" width=\"467\" height=\"294\" title=\"Evoluci\u00f3n de las existencias de l\u00e1cteos\" loading=\"lazy\" role=\"img\"\/><\/figure><\/div>\n\n\n\n<div class=\"wp-block-uagb-image uagb-block-1da83e51 wp-block-uagb-image--layout-default wp-block-uagb-image--effect-static wp-block-uagb-image--align-none\"><figure class=\"wp-block-uagb-image__figure\"><img decoding=\"async\" srcset=\"https:\/\/dairylando.com\/wp-content\/uploads\/2026\/04\/Evolucion-de-las-existencias-por-PRODUCTOS-1.png ,https:\/\/dairylando.com\/wp-content\/uploads\/2026\/04\/Evolucion-de-las-existencias-por-PRODUCTOS-1.png 780w, https:\/\/dairylando.com\/wp-content\/uploads\/2026\/04\/Evolucion-de-las-existencias-por-PRODUCTOS-1.png 360w\" sizes=\"auto, (max-width: 480px) 150px\" src=\"https:\/\/dairylando.com\/wp-content\/uploads\/2026\/04\/Evolucion-de-las-existencias-por-PRODUCTOS-1.png\" alt=\"\" class=\"uag-image-13082\" width=\"481\" height=\"321\" title=\"Evoluci\u00f3n de las existencias por PRODUCTOS\" loading=\"lazy\" role=\"img\"\/><\/figure><\/div>\n\n\n\n<figure class=\"wp-block-image size-full is-resized\"><img data-dominant-color=\"bdcbd8\" data-has-transparency=\"true\" loading=\"lazy\" decoding=\"async\" width=\"450\" height=\"281\" src=\"https:\/\/dairylando.com\/wp-content\/uploads\/2026\/04\/Existencias-de-quesos.png\" alt=\"\" class=\"wp-image-13084 has-transparency\" style=\"--dominant-color: #bdcbd8; aspect-ratio:1.6042913142149784;width:486px;height:auto\"\/><\/figure>\n\n\n\n<div class=\"wp-block-uagb-image uagb-block-80ee8472 wp-block-uagb-image--layout-default wp-block-uagb-image--effect-static wp-block-uagb-image--align-none\"><figure class=\"wp-block-uagb-image__figure\"><img decoding=\"async\" srcset=\"https:\/\/dairylando.com\/wp-content\/uploads\/2026\/04\/Monitoreo-EXISTENCIAS.png ,https:\/\/dairylando.com\/wp-content\/uploads\/2026\/04\/Monitoreo-EXISTENCIAS.png 780w, https:\/\/dairylando.com\/wp-content\/uploads\/2026\/04\/Monitoreo-EXISTENCIAS.png 360w\" sizes=\"auto, (max-width: 480px) 150px\" src=\"https:\/\/dairylando.com\/wp-content\/uploads\/2026\/04\/Monitoreo-EXISTENCIAS.png\" alt=\"\" class=\"uag-image-13078\" width=\"456\" height=\"277\" title=\"Monitoreo EXISTENCIAS\" loading=\"lazy\" role=\"img\"\/><\/figure><\/div>\n\n\n\n<div class=\"wp-block-uagb-advanced-heading uagb-block-5bff0a9b\"><h4 class=\"uagb-heading-text\"><strong>International market<\/strong><\/h4><\/div>\n\n\n\n<div class=\"wp-block-uagb-image uagb-block-a56a32b8 wp-block-uagb-image--layout-default wp-block-uagb-image--effect-static wp-block-uagb-image--align-none\"><figure class=\"wp-block-uagb-image__figure\"><img decoding=\"async\" srcset=\"https:\/\/dairylando.com\/wp-content\/uploads\/2026\/04\/Oceania.png ,https:\/\/dairylando.com\/wp-content\/uploads\/2026\/04\/Oceania.png 780w, https:\/\/dairylando.com\/wp-content\/uploads\/2026\/04\/Oceania.png 360w\" sizes=\"auto, (max-width: 480px) 150px\" src=\"https:\/\/dairylando.com\/wp-content\/uploads\/2026\/04\/Oceania.png\" alt=\"\" class=\"uag-image-13074\" width=\"458\" height=\"303\" title=\"Oceania\" loading=\"lazy\" role=\"img\"\/><\/figure><\/div>\n\n\n\n<figure class=\"wp-block-image size-full is-resized\"><img data-dominant-color=\"f2f3f3\" data-has-transparency=\"true\" loading=\"lazy\" decoding=\"async\" width=\"539\" height=\"344\" src=\"https:\/\/dairylando.com\/wp-content\/uploads\/2026\/04\/Evolucion-de-las-EXPORTACIONES.png\" alt=\"\" class=\"wp-image-13094 has-transparency\" style=\"--dominant-color: #f2f3f3; width:483px;height:auto\"\/><\/figure>\n\n\n\n<div class=\"wp-block-uagb-image uagb-block-dc774884 wp-block-uagb-image--layout-default wp-block-uagb-image--effect-static wp-block-uagb-image--align-none\"><figure class=\"wp-block-uagb-image__figure\"><img decoding=\"async\" srcset=\"https:\/\/dairylando.com\/wp-content\/uploads\/2026\/04\/Productos-exportados-ultimos-12-m.png ,https:\/\/dairylando.com\/wp-content\/uploads\/2026\/04\/Productos-exportados-ultimos-12-m.png 780w, https:\/\/dairylando.com\/wp-content\/uploads\/2026\/04\/Productos-exportados-ultimos-12-m.png 360w\" sizes=\"auto, (max-width: 480px) 150px\" src=\"https:\/\/dairylando.com\/wp-content\/uploads\/2026\/04\/Productos-exportados-ultimos-12-m.png\" alt=\"\" class=\"uag-image-13096\" width=\"506\" height=\"321\" title=\"Productos exportados ultimos 12 m\" loading=\"lazy\" role=\"img\"\/><\/figure><\/div>\n\n\n\n<figure class=\"wp-block-image size-full is-resized\"><img data-dominant-color=\"ebedf0\" data-has-transparency=\"true\" loading=\"lazy\" decoding=\"async\" width=\"498\" height=\"307\" src=\"https:\/\/dairylando.com\/wp-content\/uploads\/2026\/04\/Principlaes-15-destinos-de-exportaciones-lacteas-argentina.png\" alt=\"\" class=\"wp-image-13098 has-transparency\" style=\"--dominant-color: #ebedf0; width:498px;height:auto\"\/><\/figure>\n\n\n\n<figure class=\"wp-block-image size-full is-resized\"><img data-dominant-color=\"d4d5d6\" data-has-transparency=\"true\" loading=\"lazy\" decoding=\"async\" width=\"571\" height=\"329\" src=\"https:\/\/dairylando.com\/wp-content\/uploads\/2026\/03\/Importaciones-de-CHINA.png\" alt=\"\" class=\"wp-image-12995 has-transparency\" style=\"--dominant-color: #d4d5d6; width:490px;height:auto\"\/><\/figure>\n\n\n\n<div class=\"wp-block-uagb-image uagb-block-f7524825 wp-block-uagb-image--layout-default wp-block-uagb-image--effect-static wp-block-uagb-image--align-none\"><figure class=\"wp-block-uagb-image__figure\"><img decoding=\"async\"  sizes=\"auto, (max-width: 480px) 150px\" src=\"https:\/\/dairylando.com\/wp-content\/uploads\/2025\/07\/principales-exportadores-2024.png\" alt=\"\" width=\"435\" height=\"272\" title=\"\" loading=\"lazy\" role=\"img\"\/><\/figure><\/div>\n\n\n\n<div class=\"wp-block-uagb-image uagb-block-a61598bf wp-block-uagb-image--layout-default wp-block-uagb-image--effect-static wp-block-uagb-image--align-none\"><figure class=\"wp-block-uagb-image__figure\"><img decoding=\"async\"  sizes=\"auto, (max-width: 480px) 150px\" src=\"https:\/\/dairylando.com\/wp-content\/uploads\/2025\/07\/principales-importadores-2024.png\" alt=\"\" width=\"523\" height=\"338\" title=\"\" loading=\"lazy\" role=\"img\"\/><\/figure><\/div>\n\n\n\n<div class=\"wp-block-uagb-image uagb-block-c675f1e5 wp-block-uagb-image--layout-default wp-block-uagb-image--effect-static wp-block-uagb-image--align-none\"><figure class=\"wp-block-uagb-image__figure\"><img decoding=\"async\" srcset=\"https:\/\/dairylando.com\/wp-content\/uploads\/2026\/01\/Lacteos-exportados-por-Argentina-5-anos.avif ,https:\/\/dairylando.com\/wp-content\/uploads\/2026\/01\/Lacteos-exportados-por-Argentina-5-anos.avif 780w, https:\/\/dairylando.com\/wp-content\/uploads\/2026\/01\/Lacteos-exportados-por-Argentina-5-anos.avif 360w\" sizes=\"auto, (max-width: 480px) 150px\" src=\"https:\/\/dairylando.com\/wp-content\/uploads\/2026\/01\/Lacteos-exportados-por-Argentina-5-anos.avif\" alt=\"\" class=\"uag-image-12898\" width=\"545\" height=\"328\" title=\"Lacteos exportados por Argentina 5 a\u00f1os\" loading=\"lazy\" role=\"img\"\/><\/figure><\/div>\n\n\n\n<div class=\"wp-block-uagb-image alignright uagb-block-b0523bc9 wp-block-uagb-image--layout-default wp-block-uagb-image--effect-static wp-block-uagb-image--align-right\"><figure class=\"wp-block-uagb-image__figure\"><img decoding=\"async\"  sizes=\"auto, (max-width: 480px) 150px\" src=\"https:\/\/dairylando.com\/wp-content\/uploads\/2025\/06\/Logo-transp-Dairylando-con-\u00ae-1024x1024.gif\" alt=\"\" width=\"166\" height=\"166\" title=\"\" loading=\"lazy\" role=\"img\"\/><\/figure><\/div>\n<\/div><\/div>\n\n\n\n<p><\/p>\n\n\n\n<p><\/p>","protected":false},"excerpt":{"rendered":"<p>Presentamos en esta secci\u00f3n los gr\u00e1ficos con la informaci\u00f3n relevante del mercado local y del internacional actualizada peri\u00f3dicamente. Mercado local [&hellip;]<\/p>\n","protected":false},"author":1,"featured_media":9792,"parent":0,"menu_order":7,"comment_status":"open","ping_status":"closed","template":"","meta":{"_uag_custom_page_level_css":"","site-sidebar-layout":"default","site-content-layout":"","ast-site-content-layout":"","site-content-style":"default","site-sidebar-style":"default","ast-global-header-display":"","ast-banner-title-visibility":"","ast-main-header-display":"","ast-hfb-above-header-display":"","ast-hfb-below-header-display":"","ast-hfb-mobile-header-display":"","site-post-title":"","ast-breadcrumbs-content":"","ast-featured-img":"disabled","footer-sml-layout":"","ast-disable-related-posts":"","theme-transparent-header-meta":"","adv-header-id-meta":"","stick-header-meta":"","header-above-stick-meta":"","header-main-stick-meta":"","header-below-stick-meta":"","astra-migrate-meta-layouts":"default","ast-page-background-enabled":"default","ast-page-background-meta":{"desktop":{"background-color":"var(--ast-global-color-5)","background-image":"","background-repeat":"repeat","background-position":"center center","background-size":"auto","background-attachment":"scroll","background-type":"","background-media":"","overlay-type":"","overlay-color":"","overlay-opacity":"","overlay-gradient":""},"tablet":{"background-color":"","background-image":"","background-repeat":"repeat","background-position":"center center","background-size":"auto","background-attachment":"scroll","background-type":"","background-media":"","overlay-type":"","overlay-color":"","overlay-opacity":"","overlay-gradient":""},"mobile":{"background-color":"","background-image":"","background-repeat":"repeat","background-position":"center center","background-size":"auto","background-attachment":"scroll","background-type":"","background-media":"","overlay-type":"","overlay-color":"","overlay-opacity":"","overlay-gradient":""}},"ast-content-background-meta":{"desktop":{"background-color":"var(--ast-global-color-4)","background-image":"","background-repeat":"repeat","background-position":"center center","background-size":"auto","background-attachment":"scroll","background-type":"","background-media":"","overlay-type":"","overlay-color":"","overlay-opacity":"","overlay-gradient":""},"tablet":{"background-color":"var(--ast-global-color-4)","background-image":"","background-repeat":"repeat","background-position":"center center","background-size":"auto","background-attachment":"scroll","background-type":"","background-media":"","overlay-type":"","overlay-color":"","overlay-opacity":"","overlay-gradient":""},"mobile":{"background-color":"var(--ast-global-color-4)","background-image":"","background-repeat":"repeat","background-position":"center center","background-size":"auto","background-attachment":"scroll","background-type":"","background-media":"","overlay-type":"","overlay-color":"","overlay-opacity":"","overlay-gradient":""}},"footnotes":""},"class_list":["post-7980","page","type-page","status-publish","has-post-thumbnail","hentry"],"spectra_custom_meta":{"_edit_last":["2"],"_wp_page_template":["default"],"_publicize_pending":["1"],"geo_public":["0"],"_elasticsearch_data_sharing_indexed_on":["2024-10-26 19:53:33"],"_edit_lock":["1778633212:2"],"_thumbnail_id":["9792"],"_uag_custom_page_level_css":[""],"site-sidebar-layout":["default"],"site-content-layout":[""],"ast-site-content-layout":[""],"site-content-style":["default"],"site-sidebar-style":["default"],"ast-global-header-display":[""],"ast-banner-title-visibility":[""],"ast-main-header-display":[""],"ast-hfb-above-header-display":[""],"ast-hfb-below-header-display":[""],"ast-hfb-mobile-header-display":[""],"site-post-title":[""],"ast-breadcrumbs-content":[""],"ast-featured-img":["disabled"],"footer-sml-layout":[""],"theme-transparent-header-meta":[""],"adv-header-id-meta":[""],"stick-header-meta":[""],"header-above-stick-meta":[""],"header-main-stick-meta":[""],"header-below-stick-meta":[""],"astra-migrate-meta-layouts":["default"],"ast-page-background-enabled":["default"],"ast-page-background-meta":["a:3:{s:7:\"desktop\";a:12:{s:16:\"background-color\";s:25:\"var(--ast-global-color-5)\";s:16:\"background-image\";s:0:\"\";s:17:\"background-repeat\";s:6:\"repeat\";s:19:\"background-position\";s:13:\"center center\";s:15:\"background-size\";s:4:\"auto\";s:21:\"background-attachment\";s:6:\"scroll\";s:15:\"background-type\";s:0:\"\";s:16:\"background-media\";s:0:\"\";s:12:\"overlay-type\";s:0:\"\";s:13:\"overlay-color\";s:0:\"\";s:15:\"overlay-opacity\";s:0:\"\";s:16:\"overlay-gradient\";s:0:\"\";}s:6:\"tablet\";a:12:{s:16:\"background-color\";s:0:\"\";s:16:\"background-image\";s:0:\"\";s:17:\"background-repeat\";s:6:\"repeat\";s:19:\"background-position\";s:13:\"center center\";s:15:\"background-size\";s:4:\"auto\";s:21:\"background-attachment\";s:6:\"scroll\";s:15:\"background-type\";s:0:\"\";s:16:\"background-media\";s:0:\"\";s:12:\"overlay-type\";s:0:\"\";s:13:\"overlay-color\";s:0:\"\";s:15:\"overlay-opacity\";s:0:\"\";s:16:\"overlay-gradient\";s:0:\"\";}s:6:\"mobile\";a:12:{s:16:\"background-color\";s:0:\"\";s:16:\"background-image\";s:0:\"\";s:17:\"background-repeat\";s:6:\"repeat\";s:19:\"background-position\";s:13:\"center center\";s:15:\"background-size\";s:4:\"auto\";s:21:\"background-attachment\";s:6:\"scroll\";s:15:\"background-type\";s:0:\"\";s:16:\"background-media\";s:0:\"\";s:12:\"overlay-type\";s:0:\"\";s:13:\"overlay-color\";s:0:\"\";s:15:\"overlay-opacity\";s:0:\"\";s:16:\"overlay-gradient\";s:0:\"\";}}"],"ast-content-background-meta":["a:3:{s:7:\"desktop\";a:12:{s:16:\"background-color\";s:25:\"var(--ast-global-color-4)\";s:16:\"background-image\";s:0:\"\";s:17:\"background-repeat\";s:6:\"repeat\";s:19:\"background-position\";s:13:\"center center\";s:15:\"background-size\";s:4:\"auto\";s:21:\"background-attachment\";s:6:\"scroll\";s:15:\"background-type\";s:0:\"\";s:16:\"background-media\";s:0:\"\";s:12:\"overlay-type\";s:0:\"\";s:13:\"overlay-color\";s:0:\"\";s:15:\"overlay-opacity\";s:0:\"\";s:16:\"overlay-gradient\";s:0:\"\";}s:6:\"tablet\";a:12:{s:16:\"background-color\";s:25:\"var(--ast-global-color-4)\";s:16:\"background-image\";s:0:\"\";s:17:\"background-repeat\";s:6:\"repeat\";s:19:\"background-position\";s:13:\"center center\";s:15:\"background-size\";s:4:\"auto\";s:21:\"background-attachment\";s:6:\"scroll\";s:15:\"background-type\";s:0:\"\";s:16:\"background-media\";s:0:\"\";s:12:\"overlay-type\";s:0:\"\";s:13:\"overlay-color\";s:0:\"\";s:15:\"overlay-opacity\";s:0:\"\";s:16:\"overlay-gradient\";s:0:\"\";}s:6:\"mobile\";a:12:{s:16:\"background-color\";s:25:\"var(--ast-global-color-4)\";s:16:\"background-image\";s:0:\"\";s:17:\"background-repeat\";s:6:\"repeat\";s:19:\"background-position\";s:13:\"center center\";s:15:\"background-size\";s:4:\"auto\";s:21:\"background-attachment\";s:6:\"scroll\";s:15:\"background-type\";s:0:\"\";s:16:\"background-media\";s:0:\"\";s:12:\"overlay-type\";s:0:\"\";s:13:\"overlay-color\";s:0:\"\";s:15:\"overlay-opacity\";s:0:\"\";s:16:\"overlay-gradient\";s:0:\"\";}}"],"footnotes":[""],"rank_math_seo_score":["14"],"rank_math_internal_links_processed":["1"],"_heateor_sss_meta":["a:2:{s:7:\"sharing\";i:0;s:16:\"vertical_sharing\";i:0;}"],"_uag_css_file_name":["uag-css-7980.css"]},"uagb_featured_image_src":{"full":["https:\/\/dairylando.com\/wp-content\/uploads\/2025\/03\/Mercado-Lacteo-png.avif",690,563,false],"thumbnail":["https:\/\/dairylando.com\/wp-content\/uploads\/2025\/03\/Mercado-Lacteo-150x150.avif",150,150,true],"medium":["https:\/\/dairylando.com\/wp-content\/uploads\/2025\/03\/Mercado-Lacteo-300x245.avif",300,245,true],"medium_large":["https:\/\/dairylando.com\/wp-content\/uploads\/2025\/03\/Mercado-Lacteo-png.avif",690,563,false],"large":["https:\/\/dairylando.com\/wp-content\/uploads\/2025\/03\/Mercado-Lacteo-png.avif",690,563,false],"1536x1536":["https:\/\/dairylando.com\/wp-content\/uploads\/2025\/03\/Mercado-Lacteo-png.avif",690,563,false],"2048x2048":["https:\/\/dairylando.com\/wp-content\/uploads\/2025\/03\/Mercado-Lacteo-png.avif",690,563,false],"trp-custom-language-flag":["https:\/\/dairylando.com\/wp-content\/uploads\/2025\/03\/Mercado-Lacteo-15x12.avif",15,12,true]},"uagb_author_info":{"display_name":"estebandivano@gmail.com","author_link":"https:\/\/dairylando.com\/en\/author\/estebandivanogmail-com\/"},"uagb_comment_info":181,"uagb_excerpt":"Presentamos en esta secci\u00f3n los gr\u00e1ficos con la informaci\u00f3n relevante del mercado local y del internacional actualizada peri\u00f3dicamente. Mercado local [&hellip;]","_links":{"self":[{"href":"https:\/\/dairylando.com\/en\/wp-json\/wp\/v2\/pages\/7980","targetHints":{"allow":["GET"]}}],"collection":[{"href":"https:\/\/dairylando.com\/en\/wp-json\/wp\/v2\/pages"}],"about":[{"href":"https:\/\/dairylando.com\/en\/wp-json\/wp\/v2\/types\/page"}],"author":[{"embeddable":true,"href":"https:\/\/dairylando.com\/en\/wp-json\/wp\/v2\/users\/1"}],"replies":[{"embeddable":true,"href":"https:\/\/dairylando.com\/en\/wp-json\/wp\/v2\/comments?post=7980"}],"version-history":[{"count":127,"href":"https:\/\/dairylando.com\/en\/wp-json\/wp\/v2\/pages\/7980\/revisions"}],"predecessor-version":[{"id":13100,"href":"https:\/\/dairylando.com\/en\/wp-json\/wp\/v2\/pages\/7980\/revisions\/13100"}],"wp:featuredmedia":[{"embeddable":true,"href":"https:\/\/dairylando.com\/en\/wp-json\/wp\/v2\/media\/9792"}],"wp:attachment":[{"href":"https:\/\/dairylando.com\/en\/wp-json\/wp\/v2\/media?parent=7980"}],"curies":[{"name":"wp","href":"https:\/\/api.w.org\/{rel}","templated":true}]}}